{"id":28,"date":"2017-03-27T11:38:16","date_gmt":"2017-03-27T09:38:16","guid":{"rendered":"http:\/\/bau-kertesz.at\/?page_id=28"},"modified":"2017-04-05T08:14:02","modified_gmt":"2017-04-05T06:14:02","slug":"kontakt","status":"publish","type":"page","link":"http:\/\/bau-kertesz.at\/?page_id=28","title":{"rendered":"Kontakt"},"content":{"rendered":"<p>Wir wollen Sie bei ihrem Projekt von Beginn an unterst\u00fctzen und stehen Ihnen als Partner in allen Baubelangen zur Seite. Sollten Sie Interesse an unseren Leistungen haben, weitere Informationen ben\u00f6tigen oder sich \u00fcber Kostenvoranschl\u00e4ge etc. informieren wollen, dann z\u00f6gern Sie nicht und nehmen Kontakt mit uns auf.<\/p>\n<p>Sie erreichen Bau &#8218;TaKe off &#8220; jederzeit telefonisch unter:<\/p>\n<ul>\n<li>Festnetz\/ B\u00fcro: <strong>02622\/23179<\/strong><\/li>\n<li>Mobil: <strong>0699\/10048307<\/strong><\/li>\n<\/ul>\n<p>Selbstverst\u00e4ndlich stehen wir Ihnen auch per email zur Verf\u00fcgung:<\/p>\n<ul>\n<li><strong>office@bau-kertesz.at<\/strong><\/li>\n<\/ul>\n<p>Au\u00dferdem k\u00f6nnen Sie \u00fcber folgendes Kontaktformular direkt und unkompliziert Kontakt zu uns aufnehmen:<\/p>\n<div id='contact-form-28'>\n<form action='http:\/\/bau-kertesz.at\/?page_id=28#contact-form-28' method='post' class='contact-form commentsblock'>\n\n<div>\n\t\t<label for='g28-name' class='grunion-field-label name'>Name<span>(erforderlich)<\/span><\/label>\n\t\t<input type='text' name='g28-name' id='g28-name' value='' class='name'  required aria-required='true'\/>\n\t<\/div>\n\n<div>\n\t\t<label for='g28-email' class='grunion-field-label email'>E-Mail<span>(erforderlich)<\/span><\/label>\n\t\t<input type='email' name='g28-email' id='g28-email' value='' class='email'  required aria-required='true'\/>\n\t<\/div>\n\n<div>\n\t\t<label for='g28-website' class='grunion-field-label url'>Website<\/label>\n\t\t<input type='text' name='g28-website' id='g28-website' value='' class='url'  \/>\n\t<\/div>\n\n<div>\n\t\t<label for='contact-form-comment-g28-kommentar' class='grunion-field-label textarea'>Kommentar<span>(erforderlich)<\/span><\/label>\n\t\t<textarea name='g28-kommentar' id='contact-form-comment-g28-kommentar' rows='20' class='textarea'  required aria-required='true'><\/textarea>\n\t<\/div>\n\t<p class='contact-submit'>\n\t\t<input type='submit' value='Abschicken &#187;' class='pushbutton-wide'\/>\n\t\t<input type='hidden' name='contact-form-id' value='28' \/>\n\t\t<input type='hidden' name='action' value='grunion-contact-form' \/>\n\t<\/p>\n<\/form>\n<\/div>\n","protected":false},"excerpt":{"rendered":"<p>Wir wollen Sie bei ihrem Projekt von Beginn an unterst\u00fctzen und stehen Ihnen als Partner in allen Baubelangen zur Seite. Sollten Sie Interesse an unseren Leistungen haben, weitere Informationen ben\u00f6tigen oder sich \u00fcber Kostenvoranschl\u00e4ge etc. informieren wollen, dann z\u00f6gern Sie nicht und nehmen Kontakt mit uns auf. Sie erreichen Bau &#8218;TaKe off &#8220; jederzeit telefonisch [&hellip;]<\/p>\n","protected":false},"author":1,"featured_media":0,"parent":0,"menu_order":0,"comment_status":"closed","ping_status":"closed","template":"","meta":[],"_links":{"self":[{"href":"http:\/\/bau-kertesz.at\/index.php?rest_route=\/wp\/v2\/pages\/28"}],"collection":[{"href":"http:\/\/bau-kertesz.at\/index.php?rest_route=\/wp\/v2\/pages"}],"about":[{"href":"http:\/\/bau-kertesz.at\/index.php?rest_route=\/wp\/v2\/types\/page"}],"author":[{"embeddable":true,"href":"http:\/\/bau-kertesz.at\/index.php?rest_route=\/wp\/v2\/users\/1"}],"replies":[{"embeddable":true,"href":"http:\/\/bau-kertesz.at\/index.php?rest_route=%2Fwp%2Fv2%2Fcomments&post=28"}],"version-history":[{"count":5,"href":"http:\/\/bau-kertesz.at\/index.php?rest_route=\/wp\/v2\/pages\/28\/revisions"}],"predecessor-version":[{"id":82,"href":"http:\/\/bau-kertesz.at\/index.php?rest_route=\/wp\/v2\/pages\/28\/revisions\/82"}],"wp:attachment":[{"href":"http:\/\/bau-kertesz.at\/index.php?rest_route=%2Fwp%2Fv2%2Fmedia&parent=28"}],"curies":[{"name":"wp","href":"https:\/\/api.w.org\/{rel}","templated":true}]}}